{"id":72,"date":"2025-05-13T12:30:42","date_gmt":"2025-05-13T12:30:42","guid":{"rendered":"https:\/\/husandhagehjelpen.no\/?page_id=72"},"modified":"2025-05-13T12:31:22","modified_gmt":"2025-05-13T12:31:22","slug":"om-oss","status":"publish","type":"page","link":"https:\/\/husandhagehjelpen.no\/?page_id=72","title":{"rendered":"Om Oss"},"content":{"rendered":"\t\t<div data-elementor-type=\"wp-page\" data-elementor-id=\"72\" class=\"elementor elementor-72\">\n\t\t\t\t<div class=\"elementor-element elementor-element-0133260 e-flex e-con-boxed e-con e-parent\" data-id=\"0133260\" data-element_type=\"container\">\n\t\t\t\t\t<div class=\"e-con-inner\">\n\t\t\t\t<div class=\"elementor-element elementor-element-9eb5849 elementor-widget elementor-widget-html\" data-id=\"9eb5849\" data-element_type=\"widget\" data-widget_type=\"html.default\">\n\t\t\t\t<div class=\"elementor-widget-container\">\n\t\t\t\t\t<section style=\"padding: 60px 20px; background: #ffffff;\">\r\n  <div style=\"max-width: 1000px; margin: auto; display: flex; flex-wrap: wrap; gap: 30px; align-items: center;\">\r\n    \r\n    <div style=\"flex: 1; min-width: 280px;\">\r\n      <h2 style=\"color: #2d572c;\">Om Oss<\/h2>\r\n      <p style=\"font-size: 18px; line-height: 1.6;\">\r\n        Vi er et norskbasert team p\u00e5 fire dedikerte fagfolk som leverer tjenester innen maling, hagearbeid, transport og mindre byggarbeider. \r\n        Med erfaring, lidenskap og punktlighet skaper vi trygge og pene hjem for kundene v\u00e5re.\r\n      <\/p>\r\n      <p style=\"font-size: 18px; line-height: 1.6;\">\r\n        Vi holder til i Oslo og opererer i omr\u00e5dene rundt. Hos oss f\u00e5r du 10 % rabatt som ny kunde \u2013 eller via anbefaling fra en venn. \r\n        Vi tror p\u00e5 \u00e6rlig arbeid, kvalitet og forn\u00f8yde kunder.\r\n      <\/p>\r\n    <\/div>\r\n    \r\n    <div style=\"flex: 1; min-width: 280px;\">\r\n      <img decoding=\"async\" src=\"https:\/\/husandhagehjelpen.no\/wp-content\/uploads\/2025\/05\/team.jpg\" alt=\"Team Hus og Hage\" style=\"width: 100%; border-radius: 10px;\">\r\n    <\/div>\r\n\r\n  <\/div>\r\n<\/section>\r\n\t\t\t\t<\/div>\n\t\t\t\t<\/div>\n\t\t\t\t\t<\/div>\n\t\t\t\t<\/div>\n\t\t\t\t<\/div>\n\t\t","protected":false},"excerpt":{"rendered":"<p>Om Oss Vi er et norskbasert team p\u00e5 fire dedikerte [&hellip;]<\/p>\n","protected":false},"author":1,"featured_media":0,"parent":0,"menu_order":0,"comment_status":"closed","ping_status":"closed","template":"","meta":{"footnotes":""},"class_list":["post-72","page","type-page","status-publish","hentry"],"yoast_head":"<!-- This site is optimized with the Yoast SEO plugin v25.1 - https:\/\/yoast.com\/wordpress\/plugins\/seo\/ -->\n<title>Om Oss - HusandHageHjelpen<\/title>\n<meta name=\"robots\" content=\"index, follow, max-snippet:-1, max-image-preview:large, max-video-preview:-1\" \/>\n<link rel=\"canonical\" href=\"https:\/\/husandhagehjelpen.no\/?page_id=72\" \/>\n<meta property=\"og:locale\" content=\"en_US\" \/>\n<meta property=\"og:type\" content=\"article\" \/>\n<meta property=\"og:title\" content=\"Om Oss - HusandHageHjelpen\" \/>\n<meta property=\"og:description\" content=\"Om Oss Vi er et norskbasert team p\u00e5 fire dedikerte [&hellip;]\" \/>\n<meta property=\"og:url\" content=\"https:\/\/husandhagehjelpen.no\/?page_id=72\" \/>\n<meta property=\"og:site_name\" content=\"HusandHageHjelpen\" \/>\n<meta property=\"article:modified_time\" content=\"2025-05-13T12:31:22+00:00\" \/>\n<meta property=\"og:image\" content=\"https:\/\/husandhagehjelpen.no\/wp-content\/uploads\/2025\/05\/team.jpg\" \/>\n<meta name=\"twitter:card\" content=\"summary_large_image\" \/>\n<script type=\"application\/ld+json\" class=\"yoast-schema-graph\">{\"@context\":\"https:\/\/schema.org\",\"@graph\":[{\"@type\":\"WebPage\",\"@id\":\"https:\/\/husandhagehjelpen.no\/?page_id=72\",\"url\":\"https:\/\/husandhagehjelpen.no\/?page_id=72\",\"name\":\"Om Oss - HusandHageHjelpen\",\"isPartOf\":{\"@id\":\"https:\/\/husandhagehjelpen.no\/#website\"},\"primaryImageOfPage\":{\"@id\":\"https:\/\/husandhagehjelpen.no\/?page_id=72#primaryimage\"},\"image\":{\"@id\":\"https:\/\/husandhagehjelpen.no\/?page_id=72#primaryimage\"},\"thumbnailUrl\":\"https:\/\/husandhagehjelpen.no\/wp-content\/uploads\/2025\/05\/team.jpg\",\"datePublished\":\"2025-05-13T12:30:42+00:00\",\"dateModified\":\"2025-05-13T12:31:22+00:00\",\"breadcrumb\":{\"@id\":\"https:\/\/husandhagehjelpen.no\/?page_id=72#breadcrumb\"},\"inLanguage\":\"en-US\",\"potentialAction\":[{\"@type\":\"ReadAction\",\"target\":[\"https:\/\/husandhagehjelpen.no\/?page_id=72\"]}]},{\"@type\":\"ImageObject\",\"inLanguage\":\"en-US\",\"@id\":\"https:\/\/husandhagehjelpen.no\/?page_id=72#primaryimage\",\"url\":\"https:\/\/husandhagehjelpen.no\/wp-content\/uploads\/2025\/05\/team.jpg\",\"contentUrl\":\"https:\/\/husandhagehjelpen.no\/wp-content\/uploads\/2025\/05\/team.jpg\"},{\"@type\":\"BreadcrumbList\",\"@id\":\"https:\/\/husandhagehjelpen.no\/?page_id=72#breadcrumb\",\"itemListElement\":[{\"@type\":\"ListItem\",\"position\":1,\"name\":\"Home\",\"item\":\"https:\/\/husandhagehjelpen.no\/\"},{\"@type\":\"ListItem\",\"position\":2,\"name\":\"Om Oss\"}]},{\"@type\":\"WebSite\",\"@id\":\"https:\/\/husandhagehjelpen.no\/#website\",\"url\":\"https:\/\/husandhagehjelpen.no\/\",\"name\":\"HusandHageHjelpen\",\"description\":\"\",\"potentialAction\":[{\"@type\":\"SearchAction\",\"target\":{\"@type\":\"EntryPoint\",\"urlTemplate\":\"https:\/\/husandhagehjelpen.no\/?s={search_term_string}\"},\"query-input\":{\"@type\":\"PropertyValueSpecification\",\"valueRequired\":true,\"valueName\":\"search_term_string\"}}],\"inLanguage\":\"en-US\"}]}<\/script>\n<!-- \/ Yoast SEO plugin. -->","yoast_head_json":{"title":"Om Oss - HusandHageHjelpen","robots":{"index":"index","follow":"follow","max-snippet":"max-snippet:-1","max-image-preview":"max-image-preview:large","max-video-preview":"max-video-preview:-1"},"canonical":"https:\/\/husandhagehjelpen.no\/?page_id=72","og_locale":"en_US","og_type":"article","og_title":"Om Oss - HusandHageHjelpen","og_description":"Om Oss Vi er et norskbasert team p\u00e5 fire dedikerte [&hellip;]","og_url":"https:\/\/husandhagehjelpen.no\/?page_id=72","og_site_name":"HusandHageHjelpen","article_modified_time":"2025-05-13T12:31:22+00:00","og_image":[{"url":"https:\/\/husandhagehjelpen.no\/wp-content\/uploads\/2025\/05\/team.jpg","type":"","width":"","height":""}],"twitter_card":"summary_large_image","schema":{"@context":"https:\/\/schema.org","@graph":[{"@type":"WebPage","@id":"https:\/\/husandhagehjelpen.no\/?page_id=72","url":"https:\/\/husandhagehjelpen.no\/?page_id=72","name":"Om Oss - HusandHageHjelpen","isPartOf":{"@id":"https:\/\/husandhagehjelpen.no\/#website"},"primaryImageOfPage":{"@id":"https:\/\/husandhagehjelpen.no\/?page_id=72#primaryimage"},"image":{"@id":"https:\/\/husandhagehjelpen.no\/?page_id=72#primaryimage"},"thumbnailUrl":"https:\/\/husandhagehjelpen.no\/wp-content\/uploads\/2025\/05\/team.jpg","datePublished":"2025-05-13T12:30:42+00:00","dateModified":"2025-05-13T12:31:22+00:00","breadcrumb":{"@id":"https:\/\/husandhagehjelpen.no\/?page_id=72#breadcrumb"},"inLanguage":"en-US","potentialAction":[{"@type":"ReadAction","target":["https:\/\/husandhagehjelpen.no\/?page_id=72"]}]},{"@type":"ImageObject","inLanguage":"en-US","@id":"https:\/\/husandhagehjelpen.no\/?page_id=72#primaryimage","url":"https:\/\/husandhagehjelpen.no\/wp-content\/uploads\/2025\/05\/team.jpg","contentUrl":"https:\/\/husandhagehjelpen.no\/wp-content\/uploads\/2025\/05\/team.jpg"},{"@type":"BreadcrumbList","@id":"https:\/\/husandhagehjelpen.no\/?page_id=72#breadcrumb","itemListElement":[{"@type":"ListItem","position":1,"name":"Home","item":"https:\/\/husandhagehjelpen.no\/"},{"@type":"ListItem","position":2,"name":"Om Oss"}]},{"@type":"WebSite","@id":"https:\/\/husandhagehjelpen.no\/#website","url":"https:\/\/husandhagehjelpen.no\/","name":"HusandHageHjelpen","description":"","potentialAction":[{"@type":"SearchAction","target":{"@type":"EntryPoint","urlTemplate":"https:\/\/husandhagehjelpen.no\/?s={search_term_string}"},"query-input":{"@type":"PropertyValueSpecification","valueRequired":true,"valueName":"search_term_string"}}],"inLanguage":"en-US"}]}},"_links":{"self":[{"href":"https:\/\/husandhagehjelpen.no\/index.php?rest_route=\/wp\/v2\/pages\/72","targetHints":{"allow":["GET"]}}],"collection":[{"href":"https:\/\/husandhagehjelpen.no\/index.php?rest_route=\/wp\/v2\/pages"}],"about":[{"href":"https:\/\/husandhagehjelpen.no\/index.php?rest_route=\/wp\/v2\/types\/page"}],"author":[{"embeddable":true,"href":"https:\/\/husandhagehjelpen.no\/index.php?rest_route=\/wp\/v2\/users\/1"}],"replies":[{"embeddable":true,"href":"https:\/\/husandhagehjelpen.no\/index.php?rest_route=%2Fwp%2Fv2%2Fcomments&post=72"}],"version-history":[{"count":4,"href":"https:\/\/husandhagehjelpen.no\/index.php?rest_route=\/wp\/v2\/pages\/72\/revisions"}],"predecessor-version":[{"id":76,"href":"https:\/\/husandhagehjelpen.no\/index.php?rest_route=\/wp\/v2\/pages\/72\/revisions\/76"}],"wp:attachment":[{"href":"https:\/\/husandhagehjelpen.no\/index.php?rest_route=%2Fwp%2Fv2%2Fmedia&parent=72"}],"curies":[{"name":"wp","href":"https:\/\/api.w.org\/{rel}","templated":true}]}}